{"id":2496,"date":"2020-03-09T09:33:15","date_gmt":"2020-03-09T09:33:15","guid":{"rendered":"http:\/\/wpdemo.archiwp.com\/engitech\/?page_id=2496"},"modified":"2025-04-17T02:22:38","modified_gmt":"2025-04-17T00:22:38","slug":"pourquoi-katika","status":"publish","type":"page","link":"https:\/\/katika.co\/en\/pourquoi-katika\/","title":{"rendered":"Pourquoi Katika"},"content":{"rendered":"<div data-elementor-type=\"wp-page\" data-elementor-id=\"2496\" class=\"elementor elementor-2496\">\n\t\t\t\t\t\t<section class=\"elementor-section elementor-top-section elementor-element elementor-element-b797fcb elementor-section-height-full ot-traditional elementor-section-boxed elementor-section-height-default elementor-section-items-middle\" data-id=\"b797fcb\" data-element_type=\"section\" data-settings=\"{&quot;background_background&quot;:&quot;gradient&quot;}\">\n\t\t\t\t\t\t\t<div class=\"elementor-background-overlay\"><\/div>\n\t\t\t\t\t\t\t<div class=\"elementor-container elementor-column-gap-default\">\n\t\t\t\t\t<div class=\"elementor-column elementor-col-100 elementor-top-column elementor-element elementor-element-c7719ec ot-flex-column-vertical\" data-id=\"c7719ec\" data-element_type=\"column\">\n\t\t\t<div class=\"elementor-widget-wrap elementor-element-populated\">\n\t\t\t\t<div class=\"elementor-element elementor-element-c67212f e-flex e-con-boxed e-con e-parent\" data-id=\"c67212f\" data-element_type=\"container\">\n\t\t\t\t\t<div class=\"e-con-inner\">\n\t\t\t\t\t<\/div>\n\t\t\t\t<\/div>\n\t\t\t\t<div class=\"elementor-element elementor-element-536e4f6 elementor-widget elementor-widget-heading\" data-id=\"536e4f6\" data-element_type=\"widget\" data-widget_type=\"heading.default\">\n\t\t\t\t<div class=\"elementor-widget-container\">\n\t\t\t\t\t<h2 class=\"elementor-heading-title elementor-size-default\">Reliability and Security<\/h2>\t\t\t\t<\/div>\n\t\t\t\t<\/div>\n\t\t\t\t<div class=\"elementor-element elementor-element-cbec482 elementor-widget-tablet__width-initial elementor-widget-mobile__width-initial elementor-widget elementor-widget-text-editor\" data-id=\"cbec482\" data-element_type=\"widget\" data-widget_type=\"text-editor.default\">\n\t\t\t\t<div class=\"elementor-widget-container\">\n\t\t\t\t\t\t\t\t\t<p>From easy money management to financial goals and investments. Open your account in a flash.<br \/>Open your account in an instant<\/p>\t\t\t\t\t\t\t\t<\/div>\n\t\t\t\t<\/div>\n\t\t\t\t<div class=\"elementor-element elementor-element-eb871cc elementor-widget elementor-widget-spacer\" data-id=\"eb871cc\" data-element_type=\"widget\" data-widget_type=\"spacer.default\">\n\t\t\t\t<div class=\"elementor-widget-container\">\n\t\t\t\t\t\t\t<div class=\"elementor-spacer\">\n\t\t\t<div class=\"elementor-spacer-inner\"><\/div>\n\t\t<\/div>\n\t\t\t\t\t\t<\/div>\n\t\t\t\t<\/div>\n\t\t\t\t<section class=\"elementor-section elementor-inner-section elementor-element elementor-element-67813c4 elementor-section-full_width elementor-section-content-bottom ot-traditional elementor-section-height-default elementor-section-height-default\" data-id=\"67813c4\" data-element_type=\"section\">\n\t\t\t\t\t\t<div class=\"elementor-container elementor-column-gap-extended\">\n\t\t\t\t\t<div class=\"elementor-column elementor-col-33 elementor-inner-column elementor-element elementor-element-4984352 ot-flex-column-vertical\" data-id=\"4984352\" data-element_type=\"column\" data-settings=\"{&quot;background_background&quot;:&quot;classic&quot;}\">\n\t\t\t<div class=\"elementor-widget-wrap elementor-element-populated\">\n\t\t\t\t\t\t<div class=\"elementor-element elementor-element-b2e13db elementor-view-stacked elementor-shape-circle elementor-widget elementor-widget-icon\" data-id=\"b2e13db\" data-element_type=\"widget\" data-widget_type=\"icon.default\">\n\t\t\t\t<div class=\"elementor-widget-container\">\n\t\t\t\t\t\t\t<div class=\"elementor-icon-wrapper\">\n\t\t\t<div class=\"elementor-icon\">\n\t\t\t<svg xmlns=\"http:\/\/www.w3.org\/2000\/svg\" id=\"Layer_1\" data-name=\"Layer 1\" viewbox=\"0 0 1106.05 1101.09\"><path d=\"M631.53,257.49h397.94c31.01,0,68.91,52.95,72.97,82.5,5.16,37.58,4.46,142.74-.1,181.09-5.4,45.41-39.68,83.08-86.03,87.22-144.25,12.86-307.23-10.16-453.49.03-55.08,39.96-114.84,73.51-175.75,104.18-20.89,10.52-60.76,36.29-81.3,32.25C175.26,671.26,13.88,627.42,0,450.71L2.36,128.76c7.52-15.45,57.8-7.27,75.56-8.9,44.54-4.1,80.94-12.9,119.3-36.25C219.27,70.19,298.28.79,314,0c16.1-.8,114.95,84.8,145.49,98.56,24.23,10.91,59.44,18.52,85.9,20.77,19.05,1.62,86.13-7.7,86.13,16.1v122.05ZM591.52,159.85c-49.91,1.06-100.61-4.68-146.56-24.57-49.02-21.22-85.75-62.84-131.38-89.69-80.13,66.99-162.33,124.27-273.42,114.25,6.71,94.58-9.17,201.49.57,294.62,15.5,148.27,164.14,186.04,272.91,249.64l175.62-95.93c-52.2,9.95-123.99-15.28-133.12-73.54-4.53-28.93-4.78-180.2.73-207.32,4.34-21.33,47.51-69.79,67.91-69.79h160.07l6.67-6.66v-90.98ZM410.73,553.34c8.04,8.02,24.46,15.75,36.07,15.04,180.17-13.02,383.18,16.58,560.62-.05,31.5-2.95,50.65-19.51,55.02-51.6,4.06-29.82,4.24-152.1-2.65-178.54-4.99-19.15-22.27-39.37-43.54-40.86l-581.62,1.02c-17.81,6.31-35.3,22.06-38.52,41.47-5.08,30.69-4.28,149.4-.34,181.85,1.26,10.44,7.78,24.49,14.97,31.66Z\"><\/path><path d=\"M218.52,368.92c-8.1,9.21,14.08,79.5-17.06,83.06-42.38,4.84-13.52-59.26-25.62-79.15-3.22-5.3-24.96-11.91-33.61-19.71-43.05-38.82-25.24-120.48,31.02-133.65,92.16-21.58,141.1,91.29,66.84,142.16-6.95,4.76-20.82,6.44-21.57,7.3ZM225.5,267.76c-29.55-32.26-88.67,8.49-61,49.84,29.86,44.62,99.38-7.93,61-49.84Z\"><\/path><path d=\"M557.03,378.38c-9.07,9.02-7.59,29.07,6.59,33.44,19.88,6.12,28.8-.05,48.08,18.57,40.59,39.2,12.63,96.57-40.18,102.27-26.65,2.87-72.94,4.64-56.04-33.71,12.76-15.79,55.93,5.37,71.18-17.95,18.4-28.13-22.5-26.71-37.62-32.45-62.16-23.63-44.71-108.4,22.43-115.62,17.03-1.83,63.01-2.54,59.42,23.34-4.44,31.98-57.9,6.23-73.87,22.1Z\"><\/path><path d=\"M781.62,338.43c6.84,6.82,8.01,24.15-.74,30.42-16.06,12.45-70.1-10.09-73.08,24.77-1.65,19.27,38.51,20.56,51.34,27.19,38.55,19.93,37,77.27,1.13,100.52-20.39,13.22-89.26,22.46-92.17-9.35-3.57-38.97,79.47.28,79.49-39.23.01-24.48-24.97-17.91-42.27-24.85-56.06-22.5-45.37-103.89,13.99-113.92,12.57-2.12,54.09-3.76,62.31,4.44Z\"><\/path><path d=\"M843.81,333.55c10.9-1.47,21.34,9.27,23.26,19.47,6.11,32.42-8.07,101.42.84,127.87,6.68,19.82,54.63,7.54,70.68,13.76,12.5,27.14,1.52,35.91-24.5,38.2-30.94,2.71-74.92-6.23-84.9-39.94-4.18-14.13-5.06-128.35-2.04-144.45,1.52-8.1,8.6-13.82,16.65-14.91Z\"><\/path><g><path d=\"M946.52,786.35c-13.87-8.67-119.04,17.55-99.47-27.16,10.89-24.9,74.2-8.59,97.37-14.09,14.71-26.4,31.19-50.42,63.88-56.03,84.86-14.56,130.84,95.04,58.67,142.85-45.22,29.96-106.23,6.46-120.45-45.58ZM1012.69,728.8c-47.32,10.4-33.07,91.7,28.14,72.57,38.76-12.11,22.99-83.8-28.14-72.57Z\"><\/path><path d=\"M723.63,883.91c36.43-8.44,17.29,49.55,25.54,61.68,3.29,4.84,15.86,5.28,21.81,9.3,62.79,42.33,37.68,142.82-39.32,146.13-66.53,2.85-108.54-73.86-65.67-127.88,10.79-13.6,35.76-22.45,38.98-27.67,8.1-13.14-8.06-55.36,18.67-61.56ZM727.04,983.06c-53.83,1.48-46.94,80.19,4.44,78.05,47.25-1.98,45.51-79.42-4.44-78.05Z\"><\/path><path d=\"M692.49,688.92c38.01-8.5,106.78-2.99,112.55,45.57,3.19,26.88,4.53,79.16-18.07,97.56-17.63,14.35-72.69,14.58-95.16,11.03-57.96-9.18-61.15-140.33.68-154.15ZM701.35,728.83c-17.31,5.09-15.52,57.45-7.89,68.23,10.38,14.67,54.8,14.12,66.89,3.98,14.53-12.18,14.95-68.04-11.08-73.01-8.44-1.61-40.09-1.5-47.92.8Z\"><\/path><\/g><\/svg>\t\t\t<\/div>\n\t\t<\/div>\n\t\t\t\t\t\t<\/div>\n\t\t\t\t<\/div>\n\t\t\t\t<div class=\"elementor-element elementor-element-123cef5 elementor-widget elementor-widget-heading\" data-id=\"123cef5\" data-element_type=\"widget\" data-widget_type=\"heading.default\">\n\t\t\t\t<div class=\"elementor-widget-container\">\n\t\t\t\t\t<h2 class=\"elementor-heading-title elementor-size-default\">SSL encryption<\/h2>\t\t\t\t<\/div>\n\t\t\t\t<\/div>\n\t\t\t\t<div class=\"elementor-element elementor-element-1a91a1f elementor-widget elementor-widget-text-editor\" data-id=\"1a91a1f\" data-element_type=\"widget\" data-widget_type=\"text-editor.default\">\n\t\t\t\t<div class=\"elementor-widget-container\">\n\t\t\t\t\t\t\t\t\t<p>All your data is encrypted using Secure Socket Layer (SSL) technology, ensuring your information remains confidential.<\/p>\t\t\t\t\t\t\t\t<\/div>\n\t\t\t\t<\/div>\n\t\t\t\t\t<\/div>\n\t\t<\/div>\n\t\t\t\t<div class=\"elementor-column elementor-col-33 elementor-inner-column elementor-element elementor-element-300c3a7 ot-flex-column-vertical\" data-id=\"300c3a7\" data-element_type=\"column\" data-settings=\"{&quot;background_background&quot;:&quot;classic&quot;}\">\n\t\t\t<div class=\"elementor-widget-wrap elementor-element-populated\">\n\t\t\t\t\t\t<div class=\"elementor-element elementor-element-9d8ac28 elementor-view-stacked elementor-shape-circle elementor-widget elementor-widget-icon\" data-id=\"9d8ac28\" data-element_type=\"widget\" data-widget_type=\"icon.default\">\n\t\t\t\t<div class=\"elementor-widget-container\">\n\t\t\t\t\t\t\t<div class=\"elementor-icon-wrapper\">\n\t\t\t<div class=\"elementor-icon\">\n\t\t\t<svg aria-hidden=\"true\" class=\"e-font-icon-svg e-far-check-circle\" viewbox=\"0 0 512 512\" xmlns=\"http:\/\/www.w3.org\/2000\/svg\"><path d=\"M256 8C119.033 8 8 119.033 8 256s111.033 248 248 248 248-111.033 248-248S392.967 8 256 8zm0 48c110.532 0 200 89.451 200 200 0 110.532-89.451 200-200 200-110.532 0-200-89.451-200-200 0-110.532 89.451-200 200-200m140.204 130.267l-22.536-22.718c-4.667-4.705-12.265-4.736-16.97-.068L215.346 303.697l-59.792-60.277c-4.667-4.705-12.265-4.736-16.97-.069l-22.719 22.536c-4.705 4.667-4.736 12.265-.068 16.971l90.781 91.516c4.667 4.705 12.265 4.736 16.97.068l172.589-171.204c4.704-4.668 4.734-12.266.067-16.971z\"><\/path><\/svg>\t\t\t<\/div>\n\t\t<\/div>\n\t\t\t\t\t\t<\/div>\n\t\t\t\t<\/div>\n\t\t\t\t<div class=\"elementor-element elementor-element-e8cc7a5 elementor-widget elementor-widget-heading\" data-id=\"e8cc7a5\" data-element_type=\"widget\" data-widget_type=\"heading.default\">\n\t\t\t\t<div class=\"elementor-widget-container\">\n\t\t\t\t\t<h2 class=\"elementor-heading-title elementor-size-default\">Two-factor authentication (2FA)<\/h2>\t\t\t\t<\/div>\n\t\t\t\t<\/div>\n\t\t\t\t<div class=\"elementor-element elementor-element-c4c91fb elementor-widget elementor-widget-text-editor\" data-id=\"c4c91fb\" data-element_type=\"widget\" data-widget_type=\"text-editor.default\">\n\t\t\t\t<div class=\"elementor-widget-container\">\n\t\t\t\t\t\t\t\t\t<p>Add an extra layer of security to your account with two-factor authentication.<\/p>\t\t\t\t\t\t\t\t<\/div>\n\t\t\t\t<\/div>\n\t\t\t\t\t<\/div>\n\t\t<\/div>\n\t\t\t\t<div class=\"elementor-column elementor-col-33 elementor-inner-column elementor-element elementor-element-a9a96f0 ot-flex-column-vertical\" data-id=\"a9a96f0\" data-element_type=\"column\" data-settings=\"{&quot;background_background&quot;:&quot;classic&quot;}\">\n\t\t\t<div class=\"elementor-widget-wrap elementor-element-populated\">\n\t\t\t\t\t\t<div class=\"elementor-element elementor-element-990aefd elementor-view-stacked elementor-shape-circle elementor-widget elementor-widget-icon\" data-id=\"990aefd\" data-element_type=\"widget\" data-widget_type=\"icon.default\">\n\t\t\t\t<div class=\"elementor-widget-container\">\n\t\t\t\t\t\t\t<div class=\"elementor-icon-wrapper\">\n\t\t\t<div class=\"elementor-icon\">\n\t\t\t<svg aria-hidden=\"true\" class=\"e-font-icon-svg e-far-eye\" viewbox=\"0 0 576 512\" xmlns=\"http:\/\/www.w3.org\/2000\/svg\"><path d=\"M288 144a110.94 110.94 0 0 0-31.24 5 55.4 55.4 0 0 1 7.24 27 56 56 0 0 1-56 56 55.4 55.4 0 0 1-27-7.24A111.71 111.71 0 1 0 288 144zm284.52 97.4C518.29 135.59 410.93 64 288 64S57.68 135.64 3.48 241.41a32.35 32.35 0 0 0 0 29.19C57.71 376.41 165.07 448 288 448s230.32-71.64 284.52-177.41a32.35 32.35 0 0 0 0-29.19zM288 400c-98.65 0-189.09-55-237.93-144C98.91 167 189.34 112 288 112s189.09 55 237.93 144C477.1 345 386.66 400 288 400z\"><\/path><\/svg>\t\t\t<\/div>\n\t\t<\/div>\n\t\t\t\t\t\t<\/div>\n\t\t\t\t<\/div>\n\t\t\t\t<div class=\"elementor-element elementor-element-91043d6 elementor-widget elementor-widget-heading\" data-id=\"91043d6\" data-element_type=\"widget\" data-widget_type=\"heading.default\">\n\t\t\t\t<div class=\"elementor-widget-container\">\n\t\t\t\t\t<h2 class=\"elementor-heading-title elementor-size-default\">Continuous Monitoring<\/h2>\t\t\t\t<\/div>\n\t\t\t\t<\/div>\n\t\t\t\t<div class=\"elementor-element elementor-element-7e19efc elementor-widget elementor-widget-text-editor\" data-id=\"7e19efc\" data-element_type=\"widget\" data-widget_type=\"text-editor.default\">\n\t\t\t\t<div class=\"elementor-widget-container\">\n\t\t\t\t\t\t\t\t\t<p>Our systems monitor all transactions in real time to detect and prevent any suspicious activity.<\/p>\t\t\t\t\t\t\t\t<\/div>\n\t\t\t\t<\/div>\n\t\t\t\t\t<\/div>\n\t\t<\/div>\n\t\t\t\t\t<\/div>\n\t\t<\/section>\n\t\t\t\t\t<\/div>\n\t\t<\/div>\n\t\t\t\t\t<\/div>\n\t\t<\/section>\n\t\t\t\t<section class=\"elementor-section elementor-top-section elementor-element elementor-element-e1d742a elementor-section-full_width ot-traditional elementor-section-height-default elementor-section-height-default\" data-id=\"e1d742a\" data-element_type=\"section\" id=\"zzz\" data-settings=\"{&quot;background_background&quot;:&quot;classic&quot;}\">\n\t\t\t\t\t\t<div class=\"elementor-container elementor-column-gap-extended\">\n\t\t\t\t\t<div class=\"elementor-column elementor-col-100 elementor-top-column elementor-element elementor-element-a81189f ot-flex-column-vertical\" data-id=\"a81189f\" data-element_type=\"column\">\n\t\t\t<div class=\"elementor-widget-wrap elementor-element-populated\">\n\t\t\t\t<div class=\"elementor-element elementor-element-4dc7bf0 e-grid e-con-boxed e-con e-parent\" data-id=\"4dc7bf0\" data-element_type=\"container\" data-settings=\"{&quot;background_background&quot;:&quot;classic&quot;}\">\n\t\t\t\t\t<div class=\"e-con-inner\">\n\t\t\t\t<div class=\"elementor-element elementor-element-5129304 elementor-widget elementor-widget-image\" data-id=\"5129304\" data-element_type=\"widget\" data-widget_type=\"image.default\">\n\t\t\t\t<div class=\"elementor-widget-container\">\n\t\t\t\t\t\t\t\t\t\t\t\t\t\t\t<img fetchpriority=\"high\" decoding=\"async\" width=\"862\" height=\"807\" src=\"https:\/\/katika.co\/wp-content\/uploads\/2025\/03\/Frame.png\" class=\"attachment-large size-large wp-image-5513\" alt=\"\" srcset=\"https:\/\/katika.co\/wp-content\/uploads\/2025\/03\/Frame.png 862w, https:\/\/katika.co\/wp-content\/uploads\/2025\/03\/Frame-300x281.png 300w, https:\/\/katika.co\/wp-content\/uploads\/2025\/03\/Frame-768x719.png 768w, https:\/\/katika.co\/wp-content\/uploads\/2025\/03\/Frame-720x674.png 720w\" sizes=\"(max-width: 862px) 100vw, 862px\" \/>\t\t\t\t\t\t\t\t\t\t\t\t\t\t\t<\/div>\n\t\t\t\t<\/div>\n\t\t\t\t\t<\/div>\n\t\t\t\t<\/div>\n\t\t\t\t\t<\/div>\n\t\t<\/div>\n\t\t\t\t\t<\/div>\n\t\t<\/section>\n\t\t\t\t<section class=\"elementor-section elementor-top-section elementor-element elementor-element-9eadee3 ot-traditional elementor-section-boxed elementor-section-height-default elementor-section-height-default\" data-id=\"9eadee3\" data-element_type=\"section\" data-settings=\"{&quot;background_background&quot;:&quot;classic&quot;}\">\n\t\t\t\t\t\t\t<div class=\"elementor-background-overlay\"><\/div>\n\t\t\t\t\t\t\t<div class=\"elementor-container elementor-column-gap-default\">\n\t\t\t\t\t<div class=\"elementor-column elementor-col-50 elementor-top-column elementor-element elementor-element-f1c9d78 ot-flex-column-vertical\" data-id=\"f1c9d78\" data-element_type=\"column\">\n\t\t\t<div class=\"elementor-widget-wrap\">\n\t\t\t\t\t\t\t<\/div>\n\t\t<\/div>\n\t\t\t\t<div class=\"elementor-column elementor-col-50 elementor-top-column elementor-element elementor-element-4e00dfb ot-flex-column-vertical\" data-id=\"4e00dfb\" data-element_type=\"column\">\n\t\t\t<div class=\"elementor-widget-wrap elementor-element-populated\">\n\t\t\t\t\t\t<div class=\"elementor-element elementor-element-d66203f elementor-widget elementor-widget-heading\" data-id=\"d66203f\" data-element_type=\"widget\" data-widget_type=\"heading.default\">\n\t\t\t\t<div class=\"elementor-widget-container\">\n\t\t\t\t\t<h2 class=\"elementor-heading-title elementor-size-default\">Open a business account on<span style=\"color:#28CFFD\"> KATIKA<\/span><\/h2>\t\t\t\t<\/div>\n\t\t\t\t<\/div>\n\t\t\t\t<div class=\"elementor-element elementor-element-39ff494 elementor-widget elementor-widget-text-editor\" data-id=\"39ff494\" data-element_type=\"widget\" data-widget_type=\"text-editor.default\">\n\t\t\t\t<div class=\"elementor-widget-container\">\n\t\t\t\t\t\t\t\t\t<p>and optimize your professional payments.<\/p>\t\t\t\t\t\t\t\t<\/div>\n\t\t\t\t<\/div>\n\t\t\t\t<div class=\"elementor-element elementor-element-84ab30d elementor-align-justify elementor-widget__width-initial elementor-widget elementor-widget-button\" data-id=\"84ab30d\" data-element_type=\"widget\" data-widget_type=\"button.default\">\n\t\t\t\t<div class=\"elementor-widget-container\">\n\t\t\t\t\t\t\t\t\t<div class=\"elementor-button-wrapper\">\n\t\t\t\t\t<a class=\"elementor-button elementor-button-link elementor-size-sm elementor-animation-pulse\" href=\"#\">\n\t\t\t\t\t\t<span class=\"elementor-button-content-wrapper\">\n\t\t\t\t\t\t<span class=\"elementor-button-icon\">\n\t\t\t\t<svg aria-hidden=\"true\" class=\"e-font-icon-svg e-fas-mobile\" viewbox=\"0 0 320 512\" xmlns=\"http:\/\/www.w3.org\/2000\/svg\"><path d=\"M272 0H48C21.5 0 0 21.5 0 48v416c0 26.5 21.5 48 48 48h224c26.5 0 48-21.5 48-48V48c0-26.5-21.5-48-48-48zM160 480c-17.7 0-32-14.3-32-32s14.3-32 32-32 32 14.3 32 32-14.3 32-32 32z\"><\/path><\/svg>\t\t\t<\/span>\n\t\t\t\t\t\t\t\t\t<span class=\"elementor-button-text\">Available on Web &amp; Mobile<\/span>\n\t\t\t\t\t<\/span>\n\t\t\t\t\t<\/a>\n\t\t\t\t<\/div>\n\t\t\t\t\t\t\t\t<\/div>\n\t\t\t\t<\/div>\n\t\t\t\t<div class=\"elementor-element elementor-element-a6f8123 elementor-align-justify elementor-widget__width-initial elementor-widget elementor-widget-button\" data-id=\"a6f8123\" data-element_type=\"widget\" data-widget_type=\"button.default\">\n\t\t\t\t<div class=\"elementor-widget-container\">\n\t\t\t\t\t\t\t\t\t<div class=\"elementor-button-wrapper\">\n\t\t\t\t\t<a class=\"elementor-button elementor-button-link elementor-size-sm elementor-animation-pulse\" href=\"https:\/\/katika.co\/en\/contact\/\">\n\t\t\t\t\t\t<span class=\"elementor-button-content-wrapper\">\n\t\t\t\t\t\t<span class=\"elementor-button-icon\">\n\t\t\t\t<svg aria-hidden=\"true\" class=\"e-font-icon-svg e-fas-info-circle\" viewbox=\"0 0 512 512\" xmlns=\"http:\/\/www.w3.org\/2000\/svg\"><path d=\"M256 8C119.043 8 8 119.083 8 256c0 136.997 111.043 248 248 248s248-111.003 248-248C504 119.083 392.957 8 256 8zm0 110c23.196 0 42 18.804 42 42s-18.804 42-42 42-42-18.804-42-42 18.804-42 42-42zm56 254c0 6.627-5.373 12-12 12h-88c-6.627 0-12-5.373-12-12v-24c0-6.627 5.373-12 12-12h12v-64h-12c-6.627 0-12-5.373-12-12v-24c0-6.627 5.373-12 12-12h64c6.627 0 12 5.373 12 12v100h12c6.627 0 12 5.373 12 12v24z\"><\/path><\/svg>\t\t\t<\/span>\n\t\t\t\t\t\t\t\t\t<span class=\"elementor-button-text\">Contact customer service<\/span>\n\t\t\t\t\t<\/span>\n\t\t\t\t\t<\/a>\n\t\t\t\t<\/div>\n\t\t\t\t\t\t\t\t<\/div>\n\t\t\t\t<\/div>\n\t\t\t\t\t<\/div>\n\t\t<\/div>\n\t\t\t\t\t<\/div>\n\t\t<\/section>\n\t\t<div class=\"elementor-element elementor-element-0ef467b e-flex e-con-boxed e-con e-parent\" data-id=\"0ef467b\" data-element_type=\"container\">\n\t\t\t\t\t<div class=\"e-con-inner\">\n\t\t\t\t<div class=\"elementor-element elementor-element-a20627d elementor-widget elementor-widget-spacer\" data-id=\"a20627d\" data-element_type=\"widget\" data-widget_type=\"spacer.default\">\n\t\t\t\t<div class=\"elementor-widget-container\">\n\t\t\t\t\t\t\t<div class=\"elementor-spacer\">\n\t\t\t<div class=\"elementor-spacer-inner\"><\/div>\n\t\t<\/div>\n\t\t\t\t\t\t<\/div>\n\t\t\t\t<\/div>\n\t\t\t\t\t<\/div>\n\t\t\t\t<\/div>\n\t\t\t\t<\/div>","protected":false},"excerpt":{"rendered":"<p>Fiabilit\u00e9 et S\u00e9curit\u00e9 De la gestion facile de l\u2019argent aux objectifs financiers et aux investissements.Ouvrez votre compte en un \u00e9clair Chiffrement SSL Toutes vos donn\u00e9es sont chiffr\u00e9es gr\u00e2ce \u00e0 la technologie SSL (Secure Socket Layer), garantissant que vos informations restent confidentielles. Authentification \u00e0 deux facteurs (2FA) Ajoutez une couche de s\u00e9curit\u00e9 suppl\u00e9mentaire \u00e0 votre compte [&hellip;]<\/p>","protected":false},"author":1,"featured_media":0,"parent":0,"menu_order":0,"comment_status":"closed","ping_status":"closed","template":"","meta":{"footnotes":""},"class_list":["post-2496","page","type-page","status-publish","hentry"],"_links":{"self":[{"href":"https:\/\/katika.co\/en\/wp-json\/wp\/v2\/pages\/2496","targetHints":{"allow":["GET"]}}],"collection":[{"href":"https:\/\/katika.co\/en\/wp-json\/wp\/v2\/pages"}],"about":[{"href":"https:\/\/katika.co\/en\/wp-json\/wp\/v2\/types\/page"}],"author":[{"embeddable":true,"href":"https:\/\/katika.co\/en\/wp-json\/wp\/v2\/users\/1"}],"replies":[{"embeddable":true,"href":"https:\/\/katika.co\/en\/wp-json\/wp\/v2\/comments?post=2496"}],"version-history":[{"count":121,"href":"https:\/\/katika.co\/en\/wp-json\/wp\/v2\/pages\/2496\/revisions"}],"predecessor-version":[{"id":5942,"href":"https:\/\/katika.co\/en\/wp-json\/wp\/v2\/pages\/2496\/revisions\/5942"}],"wp:attachment":[{"href":"https:\/\/katika.co\/en\/wp-json\/wp\/v2\/media?parent=2496"}],"curies":[{"name":"wp","href":"https:\/\/api.w.org\/{rel}","templated":true}]}}